{"id":3,"date":"2020-09-16T16:40:13","date_gmt":"2020-09-16T16:40:13","guid":{"rendered":"https:\/\/agrosalles.com.br\/?page_id=3"},"modified":"2020-09-18T13:50:28","modified_gmt":"2020-09-18T13:50:28","slug":"politica-de-privacidade","status":"publish","type":"page","link":"https:\/\/agrosalles.com.br\/index.php\/politica-de-privacidade\/","title":{"rendered":"POL\u00cdTICA DE PRIVACIDADE"},"content":{"rendered":"\n<h2 class=\"wp-block-heading\">Quem somos<\/h2>\n\n\n\n<p>Nosso site \u00e9: https:\/\/agrosalles.com.br.<\/p>\n\n\n\n<h2 class=\"wp-block-heading\">Voc\u00ea concorda com nossos cookies se continuar a usar nosso site<\/h2>\n\n\n\n<h3 class=\"wp-block-heading\">Quais dados pessoais n\u00f3s coletamos e porque n\u00f3s\ncoletamos eles<\/h3>\n\n\n\n<h3 class=\"wp-block-heading\">Coment\u00e1rios<\/h3>\n\n\n\n<p>Quando os visitantes deixam coment\u00e1rios no site, coletamos os dados mostrados no formul\u00e1rio de coment\u00e1rios, e tamb\u00e9m o endere\u00e7o IP do visitante e a string do agente do usu\u00e1rio do navegador para ajudar na detec\u00e7\u00e3o de spam.<\/p>\n\n\n\n<p>Uma string an\u00f4nima criada a partir do seu endere\u00e7o de e-mail (tamb\u00e9m chamada de hash) pode ser fornecida ao servi\u00e7o Gravatar para ver se voc\u00ea a est\u00e1 usando. A pol\u00edtica de privacidade do servi\u00e7o Gravatar est\u00e1 dispon\u00edvel aqui: https:\/\/automattic.com\/privacy\/. Ap\u00f3s a aprova\u00e7\u00e3o do seu coment\u00e1rio, a foto do seu perfil ficar\u00e1 vis\u00edvel ao p\u00fablico no contexto do seu coment\u00e1rio.<\/p>\n\n\n\n<h3 class=\"wp-block-heading\">Media<\/h3>\n\n\n\n<p>Se voc\u00ea fizer upload de imagens para o site, evite fazer upload de imagens com dados de localiza\u00e7\u00e3o incorporados (EXIF GPS) inclu\u00eddos. Os visitantes do site podem baixar e extrair quaisquer dados de localiza\u00e7\u00e3o de imagens no site.<\/p>\n\n\n\n<h3 class=\"wp-block-heading\">Formul\u00e1rios de Contato<\/h3>\n\n\n\n<h3 class=\"wp-block-heading\">Cookies<\/h3>\n\n\n\n<p>Se voc\u00ea deixar um coment\u00e1rio em nosso site, pode optar por salvar seu nome, endere\u00e7o de e-mail e site em cookies. Eles s\u00e3o para sua conveni\u00eancia, para que voc\u00ea n\u00e3o precise preencher seus dados novamente ao deixar outro coment\u00e1rio. Esses cookies s\u00e3o v\u00e1lidos por um ano.<\/p>\n\n\n\n<p>Se voc\u00ea visitar nossa p\u00e1gina de login, definiremos um cookie tempor\u00e1rio para determinar se o seu navegador aceita cookies. Este cookie n\u00e3o cont\u00e9m dados pessoais e \u00e9 descartado quando voc\u00ea fecha o navegador.<\/p>\n\n\n\n<p>Quando voc\u00ea faz login, tamb\u00e9m configuramos v\u00e1rios cookies para salvar suas informa\u00e7\u00f5es de login e suas op\u00e7\u00f5es de exibi\u00e7\u00e3o na tela. Os cookies de login duram dois dias e os cookies de op\u00e7\u00f5es de tela duram um ano. Se voc\u00ea selecionar &#8220;Lembrar-me&#8221;, seu login persistir\u00e1 por duas semanas. Se voc\u00ea sair da sua conta, os cookies de login ser\u00e3o removidos.<\/p>\n\n\n\n<p>Se voc\u00ea editar ou publicar um artigo, um cookie adicional ser\u00e1 salvo em seu navegador. Este cookie n\u00e3o inclui dados pessoais e simplesmente indica o post ID do artigo que voc\u00ea acabou de editar. Ele expira ap\u00f3s 1 dia.<\/p>\n\n\n\n<h3 class=\"wp-block-heading\">Conte\u00fado incorporado de outros sites<\/h3>\n\n\n\n<p>Os artigos neste site podem incluir conte\u00fado incorporado (por exemplo, v\u00eddeos, imagens, artigos, etc.). O conte\u00fado incorporado de outros sites se comporta exatamente da mesma maneira como se o visitante tivesse visitado o outro site.<\/p>\n\n\n\n<p>Esses sites podem coletar dados sobre voc\u00ea, usar cookies, incorporar rastreamento adicional de terceiros e monitorar sua intera\u00e7\u00e3o com esse conte\u00fado incorporado, incluindo o rastreamento de sua intera\u00e7\u00e3o com o conte\u00fado incorporado, se voc\u00ea tiver uma conta e estiver conectado a esse site.<\/p>\n\n\n\n<h3 class=\"wp-block-heading\"><strong>An\u00e1lises<\/strong><\/h3>\n\n\n\n<h2 class=\"wp-block-heading\"><strong>Com quem compartilhamos seus dados<\/strong><\/h2>\n\n\n\n<p>Usamos cookies para personalizar conte\u00fado e an\u00fancios, fornecer recursos de m\u00eddia social e analisar nosso tr\u00e1fego, proporcionando a melhor experi\u00eancia em nosso site. Tamb\u00e9m compartilhamos informa\u00e7\u00f5es sobre o uso de nosso site com nossos parceiros de m\u00eddia social, publicidade e an\u00e1lise, que podem combin\u00e1-las com outras informa\u00e7\u00f5es que voc\u00ea forneceu a eles ou que coletaram do uso de seus servi\u00e7os.<\/p>\n\n\n\n<h2 class=\"wp-block-heading\"><strong>Por quanto tempo retemos seus dados<\/strong><\/h2>\n\n\n\n<p>Se voc\u00ea deixar um coment\u00e1rio, o coment\u00e1rio e seus metadados ser\u00e3o retidos indefinidamente. Isso \u00e9 para que possamos reconhecer e aprovar quaisquer coment\u00e1rios de acompanhamento automaticamente, em vez de mant\u00ea-los em uma fila de modera\u00e7\u00e3o.<\/p>\n\n\n\n<p>Para usu\u00e1rios que se cadastram em nosso site (se houver), tamb\u00e9m armazenamos as informa\u00e7\u00f5es pessoais que eles fornecem em seu perfil de usu\u00e1rio. Todos os usu\u00e1rios podem ver, editar ou excluir suas informa\u00e7\u00f5es pessoais a qualquer momento (exceto eles n\u00e3o podem alterar seu nome de usu\u00e1rio). Os administradores do site tamb\u00e9m podem ver e editar essas informa\u00e7\u00f5es.<\/p>\n\n\n\n<h2 class=\"wp-block-heading\"><strong>Quais direitos voc\u00ea tem sobre seus dados<\/strong><\/h2>\n\n\n\n<p>Se voc\u00ea possui uma conta neste site, ou deixou coment\u00e1rios, pode solicitar o recebimento de um arquivo exportado dos dados pessoais que mantemos sobre voc\u00ea, incluindo quaisquer dados que voc\u00ea nos forneceu. Voc\u00ea tamb\u00e9m pode solicitar que apaguemos todos os dados pessoais que temos sobre voc\u00ea. Isso n\u00e3o inclui quaisquer dados que somos obrigados a manter para fins administrativos, legais ou de seguran\u00e7a.<\/p>\n\n\n\n<h3 class=\"wp-block-heading\"><strong>Como protegemos seus dados<\/strong><\/h3>\n\n\n\n<p>Os Dados coletados s\u00e3o armazenados em local seguro. A qualquer momento o usu\u00e1rio poder\u00e1 solicitar a exibi\u00e7\u00e3o, corre\u00e7\u00e3o ou exclus\u00e3o de seus Dados. Salvo casos espec\u00edficos, poderemos manter os Dados coletados para cumprimento legal, auditoria e preserva\u00e7\u00e3o de direitos, pelo prazo necess\u00e1rio para cumprir essas responsabilidades. Utilizamos as ferramentas Google Analytics e o Google ReCaptcha para a coleta, processamento e seguran\u00e7a de Dados, conforme pol\u00edticas do Google dispon\u00edveis em https:\/\/www.google.com\/intl\/pt-BR\/policies\/privacy\/partners\/, https:\/\/policies.google.com\/privacy e https:\/\/policies.google.com\/terms, com as quais o usu\u00e1rio plenamente concorda ao aceitar a presente Pol\u00edtica de Privacidade.<\/p>\n\n\n\n<h3 class=\"wp-block-heading\"><strong><strong>Contato<\/strong><\/strong><\/h3>\n\n\n\n<p>Para d\u00favidas ou mais informa\u00e7\u00f5es, por favor entre em contato atrav\u00e9s do e-mail support@zaon.com.br<\/p>\n","protected":false},"excerpt":{"rendered":"<p>Quem somos Nosso site \u00e9: https:\/\/agrosalles.com.br. Voc\u00ea concorda com nossos cookies se continuar a usar nosso site Quais dados pessoais n\u00f3s coletamos e porque n\u00f3s coletamos eles Coment\u00e1rios Quando os visitantes deixam coment\u00e1rios no site, coletamos os dados mostrados no formul\u00e1rio de coment\u00e1rios, e tamb\u00e9m o endere\u00e7o IP do visitante e a string do agente [&#8230;]\n","protected":false},"author":2,"featured_media":0,"parent":0,"menu_order":0,"comment_status":"closed","ping_status":"open","template":"page-blank-title-center.php","meta":{"footnotes":""},"class_list":["post-3","page","type-page","status-publish","hentry"],"_links":{"self":[{"href":"https:\/\/agrosalles.com.br\/index.php\/wp-json\/wp\/v2\/pages\/3","targetHints":{"allow":["GET"]}}],"collection":[{"href":"https:\/\/agrosalles.com.br\/index.php\/wp-json\/wp\/v2\/pages"}],"about":[{"href":"https:\/\/agrosalles.com.br\/index.php\/wp-json\/wp\/v2\/types\/page"}],"author":[{"embeddable":true,"href":"https:\/\/agrosalles.com.br\/index.php\/wp-json\/wp\/v2\/users\/2"}],"replies":[{"embeddable":true,"href":"https:\/\/agrosalles.com.br\/index.php\/wp-json\/wp\/v2\/comments?post=3"}],"version-history":[{"count":2,"href":"https:\/\/agrosalles.com.br\/index.php\/wp-json\/wp\/v2\/pages\/3\/revisions"}],"predecessor-version":[{"id":89,"href":"https:\/\/agrosalles.com.br\/index.php\/wp-json\/wp\/v2\/pages\/3\/revisions\/89"}],"wp:attachment":[{"href":"https:\/\/agrosalles.com.br\/index.php\/wp-json\/wp\/v2\/media?parent=3"}],"curies":[{"name":"wp","href":"https:\/\/api.w.org\/{rel}","templated":true}]}}